{"id":12053,"date":"2016-10-21T07:39:32","date_gmt":"2016-10-21T07:39:32","guid":{"rendered":"http:\/\/www.regoc.hr\/web\/?page_id=12053"},"modified":"2025-07-04T13:15:41","modified_gmt":"2025-07-04T13:15:41","slug":"kontakt","status":"publish","type":"page","link":"https:\/\/www.regoc.hr\/web\/kontakt\/","title":{"rendered":"Kontakt"},"content":{"rendered":"<div class=\"fusion-fullwidth fullwidth-box fusion-builder-row-1 nonhundred-percent-fullwidth non-hundred-percent-height-scrolling\" style=\"background-color: rgba(255,255,255,0);background-position: center center;background-repeat: no-repeat;padding-top:20px;padding-right:0px;padding-bottom:20px;padding-left:0px;margin-bottom: 0px;margin-top: 0px;border-width: 0px 0px 0px 0px;border-color:#eae9e9;border-style:solid;\" ><div class=\"fusion-builder-row fusion-row\"><div class=\"fusion-layout-column fusion_builder_column fusion-builder-column-0 fusion_builder_column_1_2 1_2 fusion-one-half fusion-column-first\" style=\"width:50%;width:calc(50% - ( ( 4% ) * 0.5 ) );margin-right: 4%;margin-top:0px;margin-bottom:20px;\"><div class=\"fusion-column-wrapper fusion-flex-column-wrapper-legacy\" style=\"background-position:left top;background-repeat:no-repeat;-webkit-background-size:cover;-moz-background-size:cover;-o-background-size:cover;background-size:cover;padding: 0px 0px 0px 0px;\"><div class=\"fusion-text fusion-text-1\"><blockquote>\n<p>Rego\u010d d.o.o.<br \/>\nUlica kri\u017enog puta 92<br \/>\n10040 Zagreb<br \/>\nOIB: 61427233201<\/p>\n<\/blockquote>\n<\/div><div class=\"fusion-clearfix\"><\/div><\/div><\/div><div class=\"fusion-layout-column fusion_builder_column fusion-builder-column-1 fusion_builder_column_1_2 1_2 fusion-one-half fusion-column-last\" style=\"width:50%;width:calc(50% - ( ( 4% ) * 0.5 ) );margin-top:0px;margin-bottom:20px;\"><div class=\"fusion-column-wrapper fusion-flex-column-wrapper-legacy\" style=\"background-position:left top;background-repeat:no-repeat;-webkit-background-size:cover;-moz-background-size:cover;-o-background-size:cover;background-size:cover;padding: 0px 0px 0px 0px;\"><div class=\"fusion-text fusion-text-2\"><blockquote>\n<p>telefon: +385\/1\/2992-193<br \/>\n+385\/1\/2921-228<br \/>\nfax: +385\/1\/2921-227<br \/>\nmail:regoc@zg.ht.hr<\/p>\n<\/blockquote>\n<\/div><div class=\"fusion-clearfix\"><\/div><\/div><\/div><\/div><\/div>\n","protected":false},"excerpt":{"rendered":"","protected":false},"author":1,"featured_media":0,"parent":0,"menu_order":0,"comment_status":"closed","ping_status":"closed","template":"contact.php","meta":{"footnotes":""},"yoast_head":"<!-- This site is optimized with the Yoast SEO plugin v21.4 - https:\/\/yoast.com\/wordpress\/plugins\/seo\/ -->\n<title>Kontakt - Rego\u010d - dje\u010dja igrali&scaron;ta i igrala<\/title>\n<meta name=\"robots\" content=\"index, follow, max-snippet:-1, max-image-preview:large, max-video-preview:-1\" \/>\n<link rel=\"canonical\" href=\"https:\/\/www.regoc.hr\/web\/kontakt\/\" \/>\n<meta property=\"og:locale\" content=\"en_US\" \/>\n<meta property=\"og:type\" content=\"article\" \/>\n<meta property=\"og:title\" content=\"Kontakt - Rego\u010d - dje\u010dja igrali&scaron;ta i igrala\" \/>\n<meta property=\"og:url\" content=\"https:\/\/www.regoc.hr\/web\/kontakt\/\" \/>\n<meta property=\"og:site_name\" content=\"Rego\u010d - dje\u010dja igrali&scaron;ta i igrala\" \/>\n<meta property=\"article:modified_time\" content=\"2025-07-04T13:15:41+00:00\" \/>\n<meta name=\"twitter:card\" content=\"summary_large_image\" \/>\n<meta name=\"twitter:label1\" content=\"Est. reading time\" \/>\n\t<meta name=\"twitter:data1\" content=\"1 minute\" \/>\n<script type=\"application\/ld+json\" class=\"yoast-schema-graph\">{\"@context\":\"https:\/\/schema.org\",\"@graph\":[{\"@type\":\"WebPage\",\"@id\":\"https:\/\/www.regoc.hr\/web\/kontakt\/\",\"url\":\"https:\/\/www.regoc.hr\/web\/kontakt\/\",\"name\":\"Kontakt - Rego\u010d - dje\u010dja igrali&scaron;ta i igrala\",\"isPartOf\":{\"@id\":\"http:\/\/www.regoc.hr\/web\/#website\"},\"datePublished\":\"2016-10-21T07:39:32+00:00\",\"dateModified\":\"2025-07-04T13:15:41+00:00\",\"breadcrumb\":{\"@id\":\"https:\/\/www.regoc.hr\/web\/kontakt\/#breadcrumb\"},\"inLanguage\":\"en\",\"potentialAction\":[{\"@type\":\"ReadAction\",\"target\":[\"https:\/\/www.regoc.hr\/web\/kontakt\/\"]}]},{\"@type\":\"BreadcrumbList\",\"@id\":\"https:\/\/www.regoc.hr\/web\/kontakt\/#breadcrumb\",\"itemListElement\":[{\"@type\":\"ListItem\",\"position\":1,\"name\":\"Home\",\"item\":\"http:\/\/www.regoc.hr\/web\/\"},{\"@type\":\"ListItem\",\"position\":2,\"name\":\"Kontakt\"}]},{\"@type\":\"WebSite\",\"@id\":\"http:\/\/www.regoc.hr\/web\/#website\",\"url\":\"http:\/\/www.regoc.hr\/web\/\",\"name\":\"Rego\u010d - dje\u010dja igrali&scaron;ta i igrala\",\"description\":\"Dje\u010dja igrali&scaron;ta\",\"publisher\":{\"@id\":\"http:\/\/www.regoc.hr\/web\/#organization\"},\"potentialAction\":[{\"@type\":\"SearchAction\",\"target\":{\"@type\":\"EntryPoint\",\"urlTemplate\":\"http:\/\/www.regoc.hr\/web\/?s={search_term_string}\"},\"query-input\":\"required name=search_term_string\"}],\"inLanguage\":\"en\"},{\"@type\":\"Organization\",\"@id\":\"http:\/\/www.regoc.hr\/web\/#organization\",\"name\":\"Rego\u010d - dje\u010dja igrali\u0161ta\",\"url\":\"http:\/\/www.regoc.hr\/web\/\",\"logo\":{\"@type\":\"ImageObject\",\"inLanguage\":\"en\",\"@id\":\"http:\/\/www.regoc.hr\/web\/#\/schema\/logo\/image\/\",\"url\":\"http:\/\/www.regoc.hr\/web\/wp-content\/uploads\/2016\/12\/regoc_logo_sticky.png\",\"contentUrl\":\"http:\/\/www.regoc.hr\/web\/wp-content\/uploads\/2016\/12\/regoc_logo_sticky.png\",\"width\":100,\"height\":51,\"caption\":\"Rego\u010d - dje\u010dja igrali\u0161ta\"},\"image\":{\"@id\":\"http:\/\/www.regoc.hr\/web\/#\/schema\/logo\/image\/\"},\"sameAs\":[\"https:\/\/www.instagram.com\/regoc_igralista\/?hl=hr\"]}]}<\/script>\n<!-- \/ Yoast SEO plugin. -->","yoast_head_json":{"title":"Kontakt - Rego\u010d - dje\u010dja igrali&scaron;ta i igrala","robots":{"index":"index","follow":"follow","max-snippet":"max-snippet:-1","max-image-preview":"max-image-preview:large","max-video-preview":"max-video-preview:-1"},"canonical":"https:\/\/www.regoc.hr\/web\/kontakt\/","og_locale":"en_US","og_type":"article","og_title":"Kontakt - Rego\u010d - dje\u010dja igrali&scaron;ta i igrala","og_url":"https:\/\/www.regoc.hr\/web\/kontakt\/","og_site_name":"Rego\u010d - dje\u010dja igrali&scaron;ta i igrala","article_modified_time":"2025-07-04T13:15:41+00:00","twitter_card":"summary_large_image","twitter_misc":{"Est. reading time":"1 minute"},"schema":{"@context":"https:\/\/schema.org","@graph":[{"@type":"WebPage","@id":"https:\/\/www.regoc.hr\/web\/kontakt\/","url":"https:\/\/www.regoc.hr\/web\/kontakt\/","name":"Kontakt - Rego\u010d - dje\u010dja igrali&scaron;ta i igrala","isPartOf":{"@id":"http:\/\/www.regoc.hr\/web\/#website"},"datePublished":"2016-10-21T07:39:32+00:00","dateModified":"2025-07-04T13:15:41+00:00","breadcrumb":{"@id":"https:\/\/www.regoc.hr\/web\/kontakt\/#breadcrumb"},"inLanguage":"en","potentialAction":[{"@type":"ReadAction","target":["https:\/\/www.regoc.hr\/web\/kontakt\/"]}]},{"@type":"BreadcrumbList","@id":"https:\/\/www.regoc.hr\/web\/kontakt\/#breadcrumb","itemListElement":[{"@type":"ListItem","position":1,"name":"Home","item":"http:\/\/www.regoc.hr\/web\/"},{"@type":"ListItem","position":2,"name":"Kontakt"}]},{"@type":"WebSite","@id":"http:\/\/www.regoc.hr\/web\/#website","url":"http:\/\/www.regoc.hr\/web\/","name":"Rego\u010d - dje\u010dja igrali&scaron;ta i igrala","description":"Dje\u010dja igrali&scaron;ta","publisher":{"@id":"http:\/\/www.regoc.hr\/web\/#organization"},"potentialAction":[{"@type":"SearchAction","target":{"@type":"EntryPoint","urlTemplate":"http:\/\/www.regoc.hr\/web\/?s={search_term_string}"},"query-input":"required name=search_term_string"}],"inLanguage":"en"},{"@type":"Organization","@id":"http:\/\/www.regoc.hr\/web\/#organization","name":"Rego\u010d - dje\u010dja igrali\u0161ta","url":"http:\/\/www.regoc.hr\/web\/","logo":{"@type":"ImageObject","inLanguage":"en","@id":"http:\/\/www.regoc.hr\/web\/#\/schema\/logo\/image\/","url":"http:\/\/www.regoc.hr\/web\/wp-content\/uploads\/2016\/12\/regoc_logo_sticky.png","contentUrl":"http:\/\/www.regoc.hr\/web\/wp-content\/uploads\/2016\/12\/regoc_logo_sticky.png","width":100,"height":51,"caption":"Rego\u010d - dje\u010dja igrali\u0161ta"},"image":{"@id":"http:\/\/www.regoc.hr\/web\/#\/schema\/logo\/image\/"},"sameAs":["https:\/\/www.instagram.com\/regoc_igralista\/?hl=hr"]}]}},"_links":{"self":[{"href":"https:\/\/www.regoc.hr\/web\/wp-json\/wp\/v2\/pages\/12053"}],"collection":[{"href":"https:\/\/www.regoc.hr\/web\/wp-json\/wp\/v2\/pages"}],"about":[{"href":"https:\/\/www.regoc.hr\/web\/wp-json\/wp\/v2\/types\/page"}],"author":[{"embeddable":true,"href":"https:\/\/www.regoc.hr\/web\/wp-json\/wp\/v2\/users\/1"}],"replies":[{"embeddable":true,"href":"https:\/\/www.regoc.hr\/web\/wp-json\/wp\/v2\/comments?post=12053"}],"version-history":[{"count":6,"href":"https:\/\/www.regoc.hr\/web\/wp-json\/wp\/v2\/pages\/12053\/revisions"}],"predecessor-version":[{"id":14902,"href":"https:\/\/www.regoc.hr\/web\/wp-json\/wp\/v2\/pages\/12053\/revisions\/14902"}],"wp:attachment":[{"href":"https:\/\/www.regoc.hr\/web\/wp-json\/wp\/v2\/media?parent=12053"}],"curies":[{"name":"wp","href":"https:\/\/api.w.org\/{rel}","templated":true}]}}