{"id":12051,"date":"2016-10-21T07:39:20","date_gmt":"2016-10-21T07:39:20","guid":{"rendered":"http:\/\/www.regoc.hr\/web\/?page_id=12051"},"modified":"2020-10-21T07:20:51","modified_gmt":"2020-10-21T07:20:51","slug":"projektiranje","status":"publish","type":"page","link":"https:\/\/www.regoc.hr\/web\/projektiranje\/","title":{"rendered":"Projektiranje"},"content":{"rendered":"<div class=\"fusion-fullwidth fullwidth-box fusion-builder-row-1 nonhundred-percent-fullwidth non-hundred-percent-height-scrolling\" style=\"background-color: rgba(255,255,255,0);background-position: center center;background-repeat: no-repeat;padding-top:20px;padding-right:0px;padding-bottom:20px;padding-left:0px;margin-bottom: 0px;margin-top: 0px;border-width: 0px 0px 0px 0px;border-color:#eae9e9;border-style:solid;\" ><div class=\"fusion-builder-row fusion-row\"><div class=\"fusion-layout-column fusion_builder_column fusion-builder-column-0 fusion_builder_column_1_3 1_3 fusion-one-third fusion-column-first\" style=\"width:33.333333333333%;width:calc(33.333333333333% - ( ( 4% ) * 0.33333333333333 ) );margin-right: 4%;margin-top:0px;margin-bottom:20px;\"><div class=\"fusion-column-wrapper fusion-flex-column-wrapper-legacy\" style=\"background-position:left top;background-repeat:no-repeat;-webkit-background-size:cover;-moz-background-size:cover;-o-background-size:cover;background-size:cover;padding: 0px 0px 0px 0px;\"><div class=\"fusion-text fusion-text-1\"><p>Tvrtka Rego\u010d izra\u0111uje idejna rje\u0161enja i njihovu prezentaciju, daje tehni\u010dku potporu o svim detaljima potrebnim za izradu izvedbenih projekata.<br \/>\nStru\u010dno i profesionalno pristupamo planiranju zadanog prostora uzimaju\u0107i u obzir zahtjeve klijenta i potrebe budu\u0107ih korisnika. Pri planiranju koristimo svoje ste\u010deno znanje i iskustvo, kroz redovne me\u0111unarodne treninge na kojima pratimo aktualne promjene i trendove.<\/p>\n<p>Uz stru\u010dnu podr\u0161ku renomiranih proizvo\u0111a\u010da koje zastupamo stvaramo jedinstvene igrovne situacije. Zahvaljujemo eibe team-u iz Velike Britanije na pomo\u0107i u izradi prezentacija idejnih rje\u0161enja.<\/p>\n<\/div><div class=\"fusion-clearfix\"><\/div><\/div><\/div><div class=\"fusion-layout-column fusion_builder_column fusion-builder-column-1 fusion_builder_column_2_3 2_3 fusion-two-third fusion-column-last\" style=\"width:66.666666666667%;width:calc(66.666666666667% - ( ( 4% ) * 0.66666666666667 ) );margin-top:0px;margin-bottom:20px;\"><div class=\"fusion-column-wrapper fusion-flex-column-wrapper-legacy\" style=\"background-position:left top;background-repeat:no-repeat;-webkit-background-size:cover;-moz-background-size:cover;-o-background-size:cover;background-size:cover;padding: 0px 0px 0px 0px;\"><span class=\" fusion-imageframe imageframe-none imageframe-1 hover-type-none\"><img decoding=\"async\" width=\"600\" height=\"215\" title=\"projektiranje2\" src=\"http:\/\/www.regoc.hr\/web\/wp-content\/uploads\/2020\/10\/projektiranje2-600x215.jpg\" alt class=\"img-responsive wp-image-14846\" srcset=\"https:\/\/www.regoc.hr\/web\/wp-content\/uploads\/2020\/10\/projektiranje2-200x72.jpg 200w, https:\/\/www.regoc.hr\/web\/wp-content\/uploads\/2020\/10\/projektiranje2-400x143.jpg 400w, https:\/\/www.regoc.hr\/web\/wp-content\/uploads\/2020\/10\/projektiranje2-600x215.jpg 600w, https:\/\/www.regoc.hr\/web\/wp-content\/uploads\/2020\/10\/projektiranje2-800x286.jpg 800w, https:\/\/www.regoc.hr\/web\/wp-content\/uploads\/2020\/10\/projektiranje2.jpg 1000w\" sizes=\"(max-width: 800px) 100vw, 800px\" \/><\/span><div class=\"fusion-clearfix\"><\/div><\/div><\/div><\/div><\/div>\n","protected":false},"excerpt":{"rendered":"","protected":false},"author":1,"featured_media":0,"parent":0,"menu_order":0,"comment_status":"closed","ping_status":"closed","template":"","meta":{"footnotes":""},"yoast_head":"<!-- This site is optimized with the Yoast SEO plugin v21.4 - https:\/\/yoast.com\/wordpress\/plugins\/seo\/ -->\n<title>Projektiranje - Rego\u010d - dje\u010dja igrali&scaron;ta i igrala<\/title>\n<meta name=\"robots\" content=\"index, follow, max-snippet:-1, max-image-preview:large, max-video-preview:-1\" \/>\n<link rel=\"canonical\" href=\"https:\/\/www.regoc.hr\/web\/projektiranje\/\" \/>\n<meta property=\"og:locale\" content=\"en_US\" \/>\n<meta property=\"og:type\" content=\"article\" \/>\n<meta property=\"og:title\" content=\"Projektiranje - Rego\u010d - dje\u010dja igrali&scaron;ta i igrala\" \/>\n<meta property=\"og:url\" content=\"https:\/\/www.regoc.hr\/web\/projektiranje\/\" \/>\n<meta property=\"og:site_name\" content=\"Rego\u010d - dje\u010dja igrali&scaron;ta i igrala\" \/>\n<meta property=\"article:modified_time\" content=\"2020-10-21T07:20:51+00:00\" \/>\n<meta name=\"twitter:card\" content=\"summary_large_image\" \/>\n<meta name=\"twitter:label1\" content=\"Est. reading time\" \/>\n\t<meta name=\"twitter:data1\" content=\"2 minutes\" \/>\n<script type=\"application\/ld+json\" class=\"yoast-schema-graph\">{\"@context\":\"https:\/\/schema.org\",\"@graph\":[{\"@type\":\"WebPage\",\"@id\":\"https:\/\/www.regoc.hr\/web\/projektiranje\/\",\"url\":\"https:\/\/www.regoc.hr\/web\/projektiranje\/\",\"name\":\"Projektiranje - Rego\u010d - dje\u010dja igrali&scaron;ta i igrala\",\"isPartOf\":{\"@id\":\"https:\/\/www.regoc.hr\/web\/#website\"},\"datePublished\":\"2016-10-21T07:39:20+00:00\",\"dateModified\":\"2020-10-21T07:20:51+00:00\",\"breadcrumb\":{\"@id\":\"https:\/\/www.regoc.hr\/web\/projektiranje\/#breadcrumb\"},\"inLanguage\":\"en\",\"potentialAction\":[{\"@type\":\"ReadAction\",\"target\":[\"https:\/\/www.regoc.hr\/web\/projektiranje\/\"]}]},{\"@type\":\"BreadcrumbList\",\"@id\":\"https:\/\/www.regoc.hr\/web\/projektiranje\/#breadcrumb\",\"itemListElement\":[{\"@type\":\"ListItem\",\"position\":1,\"name\":\"Home\",\"item\":\"https:\/\/www.regoc.hr\/web\/\"},{\"@type\":\"ListItem\",\"position\":2,\"name\":\"Projektiranje\"}]},{\"@type\":\"WebSite\",\"@id\":\"https:\/\/www.regoc.hr\/web\/#website\",\"url\":\"https:\/\/www.regoc.hr\/web\/\",\"name\":\"Rego\u010d - dje\u010dja igrali&scaron;ta i igrala\",\"description\":\"Dje\u010dja igrali&scaron;ta\",\"publisher\":{\"@id\":\"https:\/\/www.regoc.hr\/web\/#organization\"},\"potentialAction\":[{\"@type\":\"SearchAction\",\"target\":{\"@type\":\"EntryPoint\",\"urlTemplate\":\"https:\/\/www.regoc.hr\/web\/?s={search_term_string}\"},\"query-input\":\"required name=search_term_string\"}],\"inLanguage\":\"en\"},{\"@type\":\"Organization\",\"@id\":\"https:\/\/www.regoc.hr\/web\/#organization\",\"name\":\"Rego\u010d - dje\u010dja igrali\u0161ta\",\"url\":\"https:\/\/www.regoc.hr\/web\/\",\"logo\":{\"@type\":\"ImageObject\",\"inLanguage\":\"en\",\"@id\":\"https:\/\/www.regoc.hr\/web\/#\/schema\/logo\/image\/\",\"url\":\"http:\/\/www.regoc.hr\/web\/wp-content\/uploads\/2016\/12\/regoc_logo_sticky.png\",\"contentUrl\":\"http:\/\/www.regoc.hr\/web\/wp-content\/uploads\/2016\/12\/regoc_logo_sticky.png\",\"width\":100,\"height\":51,\"caption\":\"Rego\u010d - dje\u010dja igrali\u0161ta\"},\"image\":{\"@id\":\"https:\/\/www.regoc.hr\/web\/#\/schema\/logo\/image\/\"},\"sameAs\":[\"https:\/\/www.instagram.com\/regoc_igralista\/?hl=hr\"]}]}<\/script>\n<!-- \/ Yoast SEO plugin. -->","yoast_head_json":{"title":"Projektiranje - Rego\u010d - dje\u010dja igrali&scaron;ta i igrala","robots":{"index":"index","follow":"follow","max-snippet":"max-snippet:-1","max-image-preview":"max-image-preview:large","max-video-preview":"max-video-preview:-1"},"canonical":"https:\/\/www.regoc.hr\/web\/projektiranje\/","og_locale":"en_US","og_type":"article","og_title":"Projektiranje - Rego\u010d - dje\u010dja igrali&scaron;ta i igrala","og_url":"https:\/\/www.regoc.hr\/web\/projektiranje\/","og_site_name":"Rego\u010d - dje\u010dja igrali&scaron;ta i igrala","article_modified_time":"2020-10-21T07:20:51+00:00","twitter_card":"summary_large_image","twitter_misc":{"Est. reading time":"2 minutes"},"schema":{"@context":"https:\/\/schema.org","@graph":[{"@type":"WebPage","@id":"https:\/\/www.regoc.hr\/web\/projektiranje\/","url":"https:\/\/www.regoc.hr\/web\/projektiranje\/","name":"Projektiranje - Rego\u010d - dje\u010dja igrali&scaron;ta i igrala","isPartOf":{"@id":"https:\/\/www.regoc.hr\/web\/#website"},"datePublished":"2016-10-21T07:39:20+00:00","dateModified":"2020-10-21T07:20:51+00:00","breadcrumb":{"@id":"https:\/\/www.regoc.hr\/web\/projektiranje\/#breadcrumb"},"inLanguage":"en","potentialAction":[{"@type":"ReadAction","target":["https:\/\/www.regoc.hr\/web\/projektiranje\/"]}]},{"@type":"BreadcrumbList","@id":"https:\/\/www.regoc.hr\/web\/projektiranje\/#breadcrumb","itemListElement":[{"@type":"ListItem","position":1,"name":"Home","item":"https:\/\/www.regoc.hr\/web\/"},{"@type":"ListItem","position":2,"name":"Projektiranje"}]},{"@type":"WebSite","@id":"https:\/\/www.regoc.hr\/web\/#website","url":"https:\/\/www.regoc.hr\/web\/","name":"Rego\u010d - dje\u010dja igrali&scaron;ta i igrala","description":"Dje\u010dja igrali&scaron;ta","publisher":{"@id":"https:\/\/www.regoc.hr\/web\/#organization"},"potentialAction":[{"@type":"SearchAction","target":{"@type":"EntryPoint","urlTemplate":"https:\/\/www.regoc.hr\/web\/?s={search_term_string}"},"query-input":"required name=search_term_string"}],"inLanguage":"en"},{"@type":"Organization","@id":"https:\/\/www.regoc.hr\/web\/#organization","name":"Rego\u010d - dje\u010dja igrali\u0161ta","url":"https:\/\/www.regoc.hr\/web\/","logo":{"@type":"ImageObject","inLanguage":"en","@id":"https:\/\/www.regoc.hr\/web\/#\/schema\/logo\/image\/","url":"http:\/\/www.regoc.hr\/web\/wp-content\/uploads\/2016\/12\/regoc_logo_sticky.png","contentUrl":"http:\/\/www.regoc.hr\/web\/wp-content\/uploads\/2016\/12\/regoc_logo_sticky.png","width":100,"height":51,"caption":"Rego\u010d - dje\u010dja igrali\u0161ta"},"image":{"@id":"https:\/\/www.regoc.hr\/web\/#\/schema\/logo\/image\/"},"sameAs":["https:\/\/www.instagram.com\/regoc_igralista\/?hl=hr"]}]}},"_links":{"self":[{"href":"https:\/\/www.regoc.hr\/web\/wp-json\/wp\/v2\/pages\/12051"}],"collection":[{"href":"https:\/\/www.regoc.hr\/web\/wp-json\/wp\/v2\/pages"}],"about":[{"href":"https:\/\/www.regoc.hr\/web\/wp-json\/wp\/v2\/types\/page"}],"author":[{"embeddable":true,"href":"https:\/\/www.regoc.hr\/web\/wp-json\/wp\/v2\/users\/1"}],"replies":[{"embeddable":true,"href":"https:\/\/www.regoc.hr\/web\/wp-json\/wp\/v2\/comments?post=12051"}],"version-history":[{"count":5,"href":"https:\/\/www.regoc.hr\/web\/wp-json\/wp\/v2\/pages\/12051\/revisions"}],"predecessor-version":[{"id":14848,"href":"https:\/\/www.regoc.hr\/web\/wp-json\/wp\/v2\/pages\/12051\/revisions\/14848"}],"wp:attachment":[{"href":"https:\/\/www.regoc.hr\/web\/wp-json\/wp\/v2\/media?parent=12051"}],"curies":[{"name":"wp","href":"https:\/\/api.w.org\/{rel}","templated":true}]}}